{"id":1810,"date":"2024-11-18T12:03:03","date_gmt":"2024-11-18T12:03:03","guid":{"rendered":"https:\/\/lvy.rs\/?post_type=product&#038;p=1810"},"modified":"2025-05-02T07:49:52","modified_gmt":"2025-05-02T07:49:52","slug":"hydra-cleanser-perfect-gel-za-ciscenje-lica","status":"publish","type":"product","link":"https:\/\/lvy.rs\/index.php\/product\/hydra-cleanser-perfect-gel-za-ciscenje-lica\/","title":{"rendered":"HYDRA CLEANSER PERFECT gel za \u010di\u0161\u0107enje lica"},"content":{"rendered":"<p><strong>UPOTREBA:<\/strong> Nanesite na suvo lice nakon uklanjanja \u0161minke sa posebnim Make Dovn ili Biphasic odstranjiva\u010dem \u0161minke. Isperite vodom.<\/p>\n<p><strong>AKTIVNI:<\/strong> Mandeli\u010dna kiselina u amfoternom kompleksu, glukonolakton, ekstrakti zelenog \u010daja, bele vrbe i \u017ealfije, kompleks delikatnih biljnih tenzida.<\/p>\n<p><strong>PREPORUKA:<\/strong> Kombinovana, masna, ne\u010dista, zadebljana ko\u017ea<\/p>\n","protected":false},"excerpt":{"rendered":"<p>Pro\u010di\u0161c\u0301avajuc\u0301i gel za \u010di\u0161c\u0301enje, deluje ne\u017eno bez napada na ko\u017eu. Hidra Cleanser Perfect pobolj\u0161ava hidrolipidni film, promovi\u0161uc\u0301i nestanak \u0161iroko rasprostranjenih ne\u010distoc\u0301a, kao i suvih ili iritabilnih podru\u010dja. Njegovo delikatno delovanje omoguc\u0301ava vam da uklonite vi\u0161ak sebuma, osloba\u0111ajuc\u0301i za\u010depljene pore bez isu\u0161ivanja ko\u017ee, koja ostaje sve\u017ea i blistava. Idealan u prisustvu sjajnih podru\u010dja, vi\u0161ka sebuma, mitesera i pro\u0161irenih pora.<\/p>\n","protected":false},"featured_media":1811,"template":"","meta":[],"etheme_brands":[],"product_brand":[],"product_cat":[52,51,37,61,64,32],"product_tag":[],"class_list":{"0":"post-1810","1":"product","2":"type-product","3":"status-publish","4":"has-post-thumbnail","6":"product_cat-ciscenje","7":"product_cat-lice","8":"product_cat-mans-products","9":"product_cat-mlada-koza","10":"product_cat-necista-koza","11":"product_cat-womans-products","13":"first","14":"instock","15":"shipping-taxable","16":"purchasable","17":"product-type-simple"},"_links":{"self":[{"href":"https:\/\/lvy.rs\/index.php\/wp-json\/wp\/v2\/product\/1810","targetHints":{"allow":["GET"]}}],"collection":[{"href":"https:\/\/lvy.rs\/index.php\/wp-json\/wp\/v2\/product"}],"about":[{"href":"https:\/\/lvy.rs\/index.php\/wp-json\/wp\/v2\/types\/product"}],"version-history":[{"count":2,"href":"https:\/\/lvy.rs\/index.php\/wp-json\/wp\/v2\/product\/1810\/revisions"}],"predecessor-version":[{"id":1815,"href":"https:\/\/lvy.rs\/index.php\/wp-json\/wp\/v2\/product\/1810\/revisions\/1815"}],"wp:featuredmedia":[{"embeddable":true,"href":"https:\/\/lvy.rs\/index.php\/wp-json\/wp\/v2\/media\/1811"}],"wp:attachment":[{"href":"https:\/\/lvy.rs\/index.php\/wp-json\/wp\/v2\/media?parent=1810"}],"wp:term":[{"taxonomy":"brand","embeddable":true,"href":"https:\/\/lvy.rs\/index.php\/wp-json\/wp\/v2\/etheme_brands?post=1810"},{"taxonomy":"product_brand","embeddable":true,"href":"https:\/\/lvy.rs\/index.php\/wp-json\/wp\/v2\/product_brand?post=1810"},{"taxonomy":"product_cat","embeddable":true,"href":"https:\/\/lvy.rs\/index.php\/wp-json\/wp\/v2\/product_cat?post=1810"},{"taxonomy":"product_tag","embeddable":true,"href":"https:\/\/lvy.rs\/index.php\/wp-json\/wp\/v2\/product_tag?post=1810"}],"curies":[{"name":"wp","href":"https:\/\/api.w.org\/{rel}","templated":true}]}}