{"id":1540,"date":"2024-10-09T13:47:58","date_gmt":"2024-10-09T13:47:58","guid":{"rendered":"https:\/\/lvy.rs\/?post_type=product&#038;p=1540"},"modified":"2026-03-08T19:20:40","modified_gmt":"2026-03-08T19:20:40","slug":"light-again-hidratantni-fluid-za-lice","status":"publish","type":"product","link":"https:\/\/lvy.rs\/index.php\/product\/light-again-hidratantni-fluid-za-lice\/","title":{"rendered":"LIGHT AGAIN Hidratantni fluid za lice"},"content":{"rendered":"<p>Light Again je u stanju da promovi\u0161e fiziolo\u0161ku funkcionalnost ko\u017ene barijere tako \u0161to brzo obnavlja njenu strukturu i poma\u017ee u ponovnom balansiranju \u0107elijskog metabolizma.<\/p>\n<p><strong>UPOTREBA:<\/strong>\u00a0Nanesite 2 puta dnevno na lice, vrat i dekolte dok se ne upije.<br \/>\nZa intenzivan tretman koristite Light Again u kombinaciji sa C-Cube Plus serumom.<\/p>\n<p><strong>AKTIVNOSTI:<\/strong>\u00a0hijaluronska kiselina, hidrolizirana hijaluronska kiselina, 3D hijaluronska kiselina, pululan i konjac mikrosfere, arkti\u010dki li\u0161ajevi, ceramidi, rekonstituirani prirodni faktor hidratacije (NMF), polihidroksi kiseline (PHA), ksimeninska kiselina, flavonoidi i dragoceni ekstrakti biljaka.<\/p>\n<p><strong>PREPORUKA:<\/strong> Ugu\u0161ena, me\u0161ovita i ne\u010dista, suva i dehidrirana ko\u017ea.<\/p>\n<div id=\"gtx-trans\" style=\"position: absolute; left: 163px; top: 1px;\">\n<div class=\"gtx-trans-icon\"><\/div>\n<\/div>\n","protected":false},"excerpt":{"rendered":"<p>Intenzivna te\u010dna krema lagane i svilenkaste teksture za vra\u0107anje fiziolo\u0161ke funkcionalnosti ko\u017ene barijere i promovi\u0161e odr\u017eavanje pravilnog obnavljanja \u0107elija. Daje sjaj i efikasno deluje na prve znakove starenja.<\/p>\n<p>Pogodno za mladu ko\u017eu sa prvim znacima starenja, sjajnu, dehidriranu i gu\u0161enu ko\u017eu.<\/p>\n<p>Pobolj\u0161ava elasti\u010dnost ko\u017ee, smanjuje fine bore i dosadan izgled, daju\u0107i trenutnu svjetlinu licu. Koristi se kao podloga za \u0161minku, omogu\u0107ava da traje cijeli dan i smanjuje efekt sjaja mje\u0161ovite, sjajne i ne\u010diste ko\u017ee.<\/p>\n<p>Karakterizira ga ekskluzivni \u201cTOTAL RESTORATIVE COMPLEX\u201d na bazi ceramida, fitosfingozina, dragocjenih biljnih ulja i prirodnog faktora hidratacije.<\/p>\n<p><img loading=\"lazy\" loading=\"lazy\" decoding=\"async\" class=\"alignnone size-medium wp-image-1541\" src=\"https:\/\/lvy.rs\/wp-content\/uploads\/2024\/10\/light_again-e1712217085329-300x56.png\" alt=\"\" width=\"300\" height=\"56\" srcset=\"https:\/\/lvy.rs\/wp-content\/uploads\/2024\/10\/light_again-e1712217085329-300x56.png 300w, https:\/\/lvy.rs\/wp-content\/uploads\/2024\/10\/light_again-e1712217085329-768x143.png 768w, https:\/\/lvy.rs\/wp-content\/uploads\/2024\/10\/light_again-e1712217085329-600x112.png 600w, https:\/\/lvy.rs\/wp-content\/uploads\/2024\/10\/light_again-e1712217085329-1x1.png 1w, https:\/\/lvy.rs\/wp-content\/uploads\/2024\/10\/light_again-e1712217085329-10x2.png 10w, https:\/\/lvy.rs\/wp-content\/uploads\/2024\/10\/light_again-e1712217085329.png 800w\" sizes=\"auto, (max-width: 300px) 100vw, 300px\" \/><\/p>\n","protected":false},"featured_media":1542,"template":"","meta":[],"etheme_brands":[],"product_brand":[],"product_cat":[61,60,63],"product_tag":[],"class_list":{"0":"post-1540","1":"product","2":"type-product","3":"status-publish","4":"has-post-thumbnail","6":"product_cat-mlada-koza","7":"product_cat-najprodavaniji-proizvodi-za-lice","8":"product_cat-osetljiva-koza","10":"first","11":"instock","12":"shipping-taxable","13":"purchasable","14":"product-type-simple"},"_links":{"self":[{"href":"https:\/\/lvy.rs\/index.php\/wp-json\/wp\/v2\/product\/1540","targetHints":{"allow":["GET"]}}],"collection":[{"href":"https:\/\/lvy.rs\/index.php\/wp-json\/wp\/v2\/product"}],"about":[{"href":"https:\/\/lvy.rs\/index.php\/wp-json\/wp\/v2\/types\/product"}],"version-history":[{"count":4,"href":"https:\/\/lvy.rs\/index.php\/wp-json\/wp\/v2\/product\/1540\/revisions"}],"predecessor-version":[{"id":1760,"href":"https:\/\/lvy.rs\/index.php\/wp-json\/wp\/v2\/product\/1540\/revisions\/1760"}],"wp:featuredmedia":[{"embeddable":true,"href":"https:\/\/lvy.rs\/index.php\/wp-json\/wp\/v2\/media\/1542"}],"wp:attachment":[{"href":"https:\/\/lvy.rs\/index.php\/wp-json\/wp\/v2\/media?parent=1540"}],"wp:term":[{"taxonomy":"brand","embeddable":true,"href":"https:\/\/lvy.rs\/index.php\/wp-json\/wp\/v2\/etheme_brands?post=1540"},{"taxonomy":"product_brand","embeddable":true,"href":"https:\/\/lvy.rs\/index.php\/wp-json\/wp\/v2\/product_brand?post=1540"},{"taxonomy":"product_cat","embeddable":true,"href":"https:\/\/lvy.rs\/index.php\/wp-json\/wp\/v2\/product_cat?post=1540"},{"taxonomy":"product_tag","embeddable":true,"href":"https:\/\/lvy.rs\/index.php\/wp-json\/wp\/v2\/product_tag?post=1540"}],"curies":[{"name":"wp","href":"https:\/\/api.w.org\/{rel}","templated":true}]}}